{"id":45,"date":"2023-10-27T23:55:55","date_gmt":"2023-10-27T21:55:55","guid":{"rendered":"https:\/\/byce61.fr\/?page_id=45"},"modified":"2024-07-09T18:18:49","modified_gmt":"2024-07-09T16:18:49","slug":"saga-tomb-raider","status":"publish","type":"page","link":"https:\/\/byce61.fr\/?page_id=45","title":{"rendered":"Saga Tomb Raider"},"content":{"rendered":"\n<h2 class=\"wp-block-heading\"><a href=\"https:\/\/byce61.fr\/?page_id=491\">Tomb Raider (1996)<\/a><\/h2>\n\n\n\n<h2 class=\"wp-block-heading\"><a href=\"https:\/\/byce61.fr\/?page_id=496\">Tomb Raider La r\u00e9v\u00e9lation finale (1999)<\/a><\/h2>\n\n\n\n<h2 class=\"wp-block-heading\"><a href=\"https:\/\/byce61.fr\/?page_id=501\">Tomb Raider L\u00e9gend (2006)<\/a><\/h2>\n","protected":false},"excerpt":{"rendered":"<p>Tomb Raider (1996) Tomb Raider La r\u00e9v\u00e9lation finale (1999) Tomb Raider L\u00e9gend (2006)<\/p>\n","protected":false},"author":1,"featured_media":0,"parent":21,"menu_order":7,"comment_status":"closed","ping_status":"closed","template":"","meta":{"footnotes":""},"class_list":["post-45","page","type-page","status-publish","hentry"],"_links":{"self":[{"href":"https:\/\/byce61.fr\/index.php?rest_route=\/wp\/v2\/pages\/45","targetHints":{"allow":["GET"]}}],"collection":[{"href":"https:\/\/byce61.fr\/index.php?rest_route=\/wp\/v2\/pages"}],"about":[{"href":"https:\/\/byce61.fr\/index.php?rest_route=\/wp\/v2\/types\/page"}],"author":[{"embeddable":true,"href":"https:\/\/byce61.fr\/index.php?rest_route=\/wp\/v2\/users\/1"}],"replies":[{"embeddable":true,"href":"https:\/\/byce61.fr\/index.php?rest_route=%2Fwp%2Fv2%2Fcomments&post=45"}],"version-history":[{"count":3,"href":"https:\/\/byce61.fr\/index.php?rest_route=\/wp\/v2\/pages\/45\/revisions"}],"predecessor-version":[{"id":1122,"href":"https:\/\/byce61.fr\/index.php?rest_route=\/wp\/v2\/pages\/45\/revisions\/1122"}],"up":[{"embeddable":true,"href":"https:\/\/byce61.fr\/index.php?rest_route=\/wp\/v2\/pages\/21"}],"wp:attachment":[{"href":"https:\/\/byce61.fr\/index.php?rest_route=%2Fwp%2Fv2%2Fmedia&parent=45"}],"curies":[{"name":"wp","href":"https:\/\/api.w.org\/{rel}","templated":true}]}}