{"id":57,"date":"2023-10-28T00:24:02","date_gmt":"2023-10-27T22:24:02","guid":{"rendered":"https:\/\/byce61.fr\/?page_id=57"},"modified":"2024-07-09T17:19:13","modified_gmt":"2024-07-09T15:19:13","slug":"episodes-numerotes","status":"publish","type":"page","link":"https:\/\/byce61.fr\/?page_id=57","title":{"rendered":"\u00c9pisodes num\u00e9rot\u00e9s"},"content":{"rendered":"\n<h2 class=\"wp-block-heading\"><a href=\"https:\/\/byce61.fr\/?page_id=74\">Resident Evil 0(2003)<\/a><\/h2>\n\n\n\n<h2 class=\"wp-block-heading\"><a href=\"https:\/\/byce61.fr\/?page_id=72\">Resident Evil (1996)<\/a><\/h2>\n\n\n\n<h2 class=\"wp-block-heading\"><a href=\"https:\/\/byce61.fr\/?page_id=76\">Resident Evil 2 (1998)<\/a><\/h2>\n\n\n\n<h2 class=\"wp-block-heading\"><a href=\"https:\/\/byce61.fr\/?page_id=78\">Resident Evil 3 (1999)<\/a><\/h2>\n\n\n\n<h2 class=\"wp-block-heading\"><a href=\"https:\/\/byce61.fr\/?page_id=80\">Resident Evil 4 (2005)<\/a><\/h2>\n\n\n\n<h2 class=\"wp-block-heading\"><a href=\"https:\/\/byce61.fr\/?page_id=82\">Resident Evil 5 (2009)<\/a><\/h2>\n\n\n\n<h2 class=\"wp-block-heading\"><a href=\"https:\/\/byce61.fr\/?page_id=84\">Resident Evil 6 (2012)<\/a><\/h2>\n\n\n\n<h2 class=\"wp-block-heading\"><a href=\"https:\/\/byce61.fr\/?page_id=86\">Resident Evil 7 (2017)<\/a><\/h2>\n\n\n\n<h2 class=\"wp-block-heading\"><a href=\"https:\/\/byce61.fr\/?page_id=88\">Resident Evil 8 (2021)<\/a><\/h2>\n\n\n\n<p><\/p>\n\n\n\n<p><\/p>\n","protected":false},"excerpt":{"rendered":"<p>Resident Evil 0(2003) Resident Evil (1996) Resident Evil 2 (1998) Resident Evil 3 (1999) Resident [&hellip;]<\/p>\n","protected":false},"author":1,"featured_media":0,"parent":23,"menu_order":1,"comment_status":"closed","ping_status":"closed","template":"","meta":{"footnotes":""},"class_list":["post-57","page","type-page","status-publish","hentry"],"_links":{"self":[{"href":"https:\/\/byce61.fr\/index.php?rest_route=\/wp\/v2\/pages\/57","targetHints":{"allow":["GET"]}}],"collection":[{"href":"https:\/\/byce61.fr\/index.php?rest_route=\/wp\/v2\/pages"}],"about":[{"href":"https:\/\/byce61.fr\/index.php?rest_route=\/wp\/v2\/types\/page"}],"author":[{"embeddable":true,"href":"https:\/\/byce61.fr\/index.php?rest_route=\/wp\/v2\/users\/1"}],"replies":[{"embeddable":true,"href":"https:\/\/byce61.fr\/index.php?rest_route=%2Fwp%2Fv2%2Fcomments&post=57"}],"version-history":[{"count":9,"href":"https:\/\/byce61.fr\/index.php?rest_route=\/wp\/v2\/pages\/57\/revisions"}],"predecessor-version":[{"id":1089,"href":"https:\/\/byce61.fr\/index.php?rest_route=\/wp\/v2\/pages\/57\/revisions\/1089"}],"up":[{"embeddable":true,"href":"https:\/\/byce61.fr\/index.php?rest_route=\/wp\/v2\/pages\/23"}],"wp:attachment":[{"href":"https:\/\/byce61.fr\/index.php?rest_route=%2Fwp%2Fv2%2Fmedia&parent=57"}],"curies":[{"name":"wp","href":"https:\/\/api.w.org\/{rel}","templated":true}]}}