{"id":580,"date":"2024-02-06T13:07:51","date_gmt":"2024-02-06T12:07:51","guid":{"rendered":"https:\/\/byce61.fr\/?page_id=580"},"modified":"2025-01-25T17:22:43","modified_gmt":"2025-01-25T16:22:43","slug":"selec-news","status":"publish","type":"page","link":"https:\/\/byce61.fr\/?page_id=580","title":{"rendered":"Selec News"},"content":{"rendered":"<div class=\"epyt-gallery\" data-currpage=\"1\" id=\"epyt_gallery_95567\"><div class=\"epyt-video-wrapper\"><div  style=\"display: block; margin: 0px auto;\"  id=\"_ytid_24156\"  width=\"790\" height=\"444\"  data-origwidth=\"790\" data-origheight=\"444\" data-facadesrc=\"https:\/\/www.youtube.com\/embed\/mD5DH3IWDqo?enablejsapi=1&autoplay=0&cc_load_policy=0&iv_load_policy=1&loop=0&modestbranding=0&fs=1&playsinline=0&controls=1&color=red&cc_lang_pref=&rel=1&autohide=2&theme=dark&\" class=\"__youtube_prefs__ epyt-facade no-lazyload\" data-epytgalleryid=\"epyt_gallery_95567\"  data-epautoplay=\"1\" ><img decoding=\"async\" data-spai-excluded=\"true\" class=\"epyt-facade-poster skip-lazy\" loading=\"lazy\"  alt=\"YouTube player\"  src=\"https:\/\/i.ytimg.com\/vi\/mD5DH3IWDqo\/maxresdefault.jpg\"  \/><button class=\"epyt-facade-play\" aria-label=\"Play\"><svg data-no-lazy=\"1\" height=\"100%\" version=\"1.1\" viewBox=\"0 0 68 48\" width=\"100%\"><path class=\"ytp-large-play-button-bg\" d=\"M66.52,7.74c-0.78-2.93-2.49-5.41-5.42-6.19C55.79,.13,34,0,34,0S12.21,.13,6.9,1.55 C3.97,2.33,2.27,4.81,1.48,7.74C0.06,13.05,0,24,0,24s0.06,10.95,1.48,16.26c0.78,2.93,2.49,5.41,5.42,6.19 C12.21,47.87,34,48,34,48s21.79-0.13,27.1-1.55c2.93-0.78,4.64-3.26,5.42-6.19C67.94,34.95,68,24,68,24S67.94,13.05,66.52,7.74z\" fill=\"#f00\"><\/path><path d=\"M 45,24 27,14 27,34\" fill=\"#fff\"><\/path><\/svg><\/button><\/div><\/div><div class=\"epyt-gallery-list\"><div class=\"epyt-pagination \"><div tabindex=\"0\" role=\"button\" class=\"epyt-pagebutton epyt-prev  hide \" data-playlistid=\"PLqIbGHNnXL8NMHy2DF32A3cO7BljGC79m\" data-pagesize=\"25\" data-pagetoken=\"\" data-epcolumns=\"4\" data-showtitle=\"1\" data-showpaging=\"1\" data-autonext=\"0\" data-thumbplay=\"1\"><div class=\"epyt-arrow\">&laquo;<\/div> <div>Pr\u00e9c\u00e9dent<\/div><\/div><div class=\"epyt-pagenumbers hide\"><div class=\"epyt-current\">1<\/div><div class=\"epyt-pageseparator\"> \/ <\/div><div class=\"epyt-totalpages\">1<\/div><\/div><div tabindex=\"0\" role=\"button\" class=\"epyt-pagebutton epyt-next hide \" data-playlistid=\"PLqIbGHNnXL8NMHy2DF32A3cO7BljGC79m\" data-pagesize=\"25\" data-pagetoken=\"\" data-epcolumns=\"4\" data-showtitle=\"1\" data-showpaging=\"1\" data-autonext=\"0\" data-thumbplay=\"1\"><div>Suivant<\/div> <div class=\"epyt-arrow\">&raquo;<\/div><\/div><div class=\"epyt-loader\"><img loading=\"lazy\" decoding=\"async\" alt=\"loading\" width=\"16\" height=\"11\" src=\"https:\/\/byce61.fr\/wp-content\/plugins\/youtube-embed-plus\/images\/gallery-page-loader.gif\"><\/div><\/div><div class=\"epyt-gallery-allthumbs  epyt-cols-4 \"><div tabindex=\"0\" role=\"button\" data-videoid=\"mD5DH3IWDqo\" class=\"epyt-gallery-thumb\"><div class=\"epyt-gallery-img-box\"><div class=\"epyt-gallery-img\" style=\"background-image: url(https:\/\/i.ytimg.com\/vi\/mD5DH3IWDqo\/hqdefault.jpg)\"><div class=\"epyt-gallery-playhover\"><img loading=\"lazy\" decoding=\"async\" alt=\"play\" class=\"epyt-play-img\" width=\"30\" height=\"23\" src=\"https:\/\/byce61.fr\/wp-content\/plugins\/youtube-embed-plus\/images\/playhover.png\" data-no-lazy=\"1\" data-skipgform_ajax_framebjll=\"\" \/><div class=\"epyt-gallery-playcrutch\"><\/div><\/div><\/div><\/div><div class=\"epyt-gallery-title\">[Selec News] Mes attentes pour l&#039;E3 2018.<\/div><\/div><div tabindex=\"0\" role=\"button\" data-videoid=\"NT3OqYzoxig\" class=\"epyt-gallery-thumb\"><div class=\"epyt-gallery-img-box\"><div class=\"epyt-gallery-img\" style=\"background-image: url(https:\/\/i.ytimg.com\/vi\/NT3OqYzoxig\/hqdefault.jpg)\"><div class=\"epyt-gallery-playhover\"><img loading=\"lazy\" decoding=\"async\" alt=\"play\" class=\"epyt-play-img\" width=\"30\" height=\"23\" src=\"https:\/\/byce61.fr\/wp-content\/plugins\/youtube-embed-plus\/images\/playhover.png\" data-no-lazy=\"1\" data-skipgform_ajax_framebjll=\"\" \/><div class=\"epyt-gallery-playcrutch\"><\/div><\/div><\/div><\/div><div class=\"epyt-gallery-title\">[Selec News] Mon debrief de l&#039;E3 2018.<\/div><\/div><div tabindex=\"0\" role=\"button\" data-videoid=\"_oUeSVCRXJ4\" class=\"epyt-gallery-thumb\"><div class=\"epyt-gallery-img-box\"><div class=\"epyt-gallery-img\" style=\"background-image: url(https:\/\/i.ytimg.com\/vi\/_oUeSVCRXJ4\/hqdefault.jpg)\"><div class=\"epyt-gallery-playhover\"><img loading=\"lazy\" decoding=\"async\" alt=\"play\" class=\"epyt-play-img\" width=\"30\" height=\"23\" src=\"https:\/\/byce61.fr\/wp-content\/plugins\/youtube-embed-plus\/images\/playhover.png\" data-no-lazy=\"1\" data-skipgform_ajax_framebjll=\"\" \/><div class=\"epyt-gallery-playcrutch\"><\/div><\/div><\/div><\/div><div class=\"epyt-gallery-title\">[Selec News] Mon debrief du TGS 2018.<\/div><\/div><div tabindex=\"0\" role=\"button\" data-videoid=\"8mL5WqYAD1E\" class=\"epyt-gallery-thumb\"><div class=\"epyt-gallery-img-box\"><div class=\"epyt-gallery-img\" style=\"background-image: url(https:\/\/i.ytimg.com\/vi\/8mL5WqYAD1E\/hqdefault.jpg)\"><div class=\"epyt-gallery-playhover\"><img loading=\"lazy\" decoding=\"async\" alt=\"play\" class=\"epyt-play-img\" width=\"30\" height=\"23\" src=\"https:\/\/byce61.fr\/wp-content\/plugins\/youtube-embed-plus\/images\/playhover.png\" data-no-lazy=\"1\" data-skipgform_ajax_framebjll=\"\" \/><div class=\"epyt-gallery-playcrutch\"><\/div><\/div><\/div><\/div><div class=\"epyt-gallery-title\">[Selec News] Bilan 2018 &amp; attentes pour l&#039;E3 2019.<\/div><\/div><div class=\"epyt-gallery-rowbreak\"><\/div><div tabindex=\"0\" role=\"button\" data-videoid=\"TaB0vu30HEw\" class=\"epyt-gallery-thumb\"><div class=\"epyt-gallery-img-box\"><div class=\"epyt-gallery-img\" style=\"background-image: url(https:\/\/i.ytimg.com\/vi\/TaB0vu30HEw\/hqdefault.jpg)\"><div class=\"epyt-gallery-playhover\"><img loading=\"lazy\" decoding=\"async\" alt=\"play\" class=\"epyt-play-img\" width=\"30\" height=\"23\" src=\"https:\/\/byce61.fr\/wp-content\/plugins\/youtube-embed-plus\/images\/playhover.png\" data-no-lazy=\"1\" data-skipgform_ajax_framebjll=\"\" \/><div class=\"epyt-gallery-playcrutch\"><\/div><\/div><\/div><\/div><div class=\"epyt-gallery-title\">[Selec News] Mon debrief de l&#039;E3 2019. \ud83d\udca9<\/div><\/div><div tabindex=\"0\" role=\"button\" data-videoid=\"hVutxHdm0x4\" class=\"epyt-gallery-thumb\"><div class=\"epyt-gallery-img-box\"><div class=\"epyt-gallery-img\" style=\"background-image: url(https:\/\/i.ytimg.com\/vi\/hVutxHdm0x4\/hqdefault.jpg)\"><div class=\"epyt-gallery-playhover\"><img loading=\"lazy\" decoding=\"async\" alt=\"play\" class=\"epyt-play-img\" width=\"30\" height=\"23\" src=\"https:\/\/byce61.fr\/wp-content\/plugins\/youtube-embed-plus\/images\/playhover.png\" data-no-lazy=\"1\" data-skipgform_ajax_framebjll=\"\" \/><div class=\"epyt-gallery-playcrutch\"><\/div><\/div><\/div><\/div><div class=\"epyt-gallery-title\">[Selec News] Yakuza 7 - Le d\u00e9but de la trahison ?<\/div><\/div><div tabindex=\"0\" role=\"button\" data-videoid=\"b7AjFZfvw5I\" class=\"epyt-gallery-thumb\"><div class=\"epyt-gallery-img-box\"><div class=\"epyt-gallery-img\" style=\"background-image: url(https:\/\/i.ytimg.com\/vi\/b7AjFZfvw5I\/hqdefault.jpg)\"><div class=\"epyt-gallery-playhover\"><img loading=\"lazy\" decoding=\"async\" alt=\"play\" class=\"epyt-play-img\" width=\"30\" height=\"23\" src=\"https:\/\/byce61.fr\/wp-content\/plugins\/youtube-embed-plus\/images\/playhover.png\" data-no-lazy=\"1\" data-skipgform_ajax_framebjll=\"\" \/><div class=\"epyt-gallery-playcrutch\"><\/div><\/div><\/div><\/div><div class=\"epyt-gallery-title\">[Selec News] Projet REsistance - Copie made in china g\u00e9n\u00e9rique ?<\/div><\/div><div tabindex=\"0\" role=\"button\" data-videoid=\"3fSwC6GPa-4\" class=\"epyt-gallery-thumb\"><div class=\"epyt-gallery-img-box\"><div class=\"epyt-gallery-img\" style=\"background-image: url(https:\/\/i.ytimg.com\/vi\/3fSwC6GPa-4\/hqdefault.jpg)\"><div class=\"epyt-gallery-playhover\"><img loading=\"lazy\" decoding=\"async\" alt=\"play\" class=\"epyt-play-img\" width=\"30\" height=\"23\" src=\"https:\/\/byce61.fr\/wp-content\/plugins\/youtube-embed-plus\/images\/playhover.png\" data-no-lazy=\"1\" data-skipgform_ajax_framebjll=\"\" \/><div class=\"epyt-gallery-playcrutch\"><\/div><\/div><\/div><\/div><div class=\"epyt-gallery-title\">[Selec News] Next Gen - D\u00e9tails et avis sur la PlayStation 5 et les Xbox Series S\/X.<\/div><\/div><div class=\"epyt-gallery-rowbreak\"><\/div><div tabindex=\"0\" role=\"button\" data-videoid=\"0oPmNnSXhhg\" class=\"epyt-gallery-thumb\"><div class=\"epyt-gallery-img-box\"><div class=\"epyt-gallery-img\" style=\"background-image: url(https:\/\/i.ytimg.com\/vi\/0oPmNnSXhhg\/hqdefault.jpg)\"><div class=\"epyt-gallery-playhover\"><img loading=\"lazy\" decoding=\"async\" alt=\"play\" class=\"epyt-play-img\" width=\"30\" height=\"23\" src=\"https:\/\/byce61.fr\/wp-content\/plugins\/youtube-embed-plus\/images\/playhover.png\" data-no-lazy=\"1\" data-skipgform_ajax_framebjll=\"\" \/><div class=\"epyt-gallery-playcrutch\"><\/div><\/div><\/div><\/div><div class=\"epyt-gallery-title\">[Selec News] Annonce de la suite de Judgment - Lost Judgment.<\/div><\/div><div tabindex=\"0\" role=\"button\" data-videoid=\"fwMQZy9zUig\" class=\"epyt-gallery-thumb\"><div class=\"epyt-gallery-img-box\"><div class=\"epyt-gallery-img\" style=\"background-image: url(https:\/\/i.ytimg.com\/vi\/fwMQZy9zUig\/hqdefault.jpg)\"><div class=\"epyt-gallery-playhover\"><img loading=\"lazy\" decoding=\"async\" alt=\"play\" class=\"epyt-play-img\" width=\"30\" height=\"23\" src=\"https:\/\/byce61.fr\/wp-content\/plugins\/youtube-embed-plus\/images\/playhover.png\" data-no-lazy=\"1\" data-skipgform_ajax_framebjll=\"\" \/><div class=\"epyt-gallery-playcrutch\"><\/div><\/div><\/div><\/div><div class=\"epyt-gallery-title\">[Selec News] Mon debrief du State of Play du 2 juin 2022.<\/div><\/div><div tabindex=\"0\" role=\"button\" data-videoid=\"Dv8I0dkyIfU\" class=\"epyt-gallery-thumb\"><div class=\"epyt-gallery-img-box\"><div class=\"epyt-gallery-img\" style=\"background-image: url(https:\/\/i.ytimg.com\/vi\/Dv8I0dkyIfU\/hqdefault.jpg)\"><div class=\"epyt-gallery-playhover\"><img loading=\"lazy\" decoding=\"async\" alt=\"play\" class=\"epyt-play-img\" width=\"30\" height=\"23\" src=\"https:\/\/byce61.fr\/wp-content\/plugins\/youtube-embed-plus\/images\/playhover.png\" data-no-lazy=\"1\" data-skipgform_ajax_framebjll=\"\" \/><div class=\"epyt-gallery-playcrutch\"><\/div><\/div><\/div><\/div><div class=\"epyt-gallery-title\">[Selec News] RGG Studio : Fin de &quot;Yakuza&quot;, portages PC &amp; 3 nouveaux jeux !<\/div><\/div><div tabindex=\"0\" role=\"button\" data-videoid=\"-BrYKURRJo4\" class=\"epyt-gallery-thumb\"><div class=\"epyt-gallery-img-box\"><div class=\"epyt-gallery-img\" style=\"background-image: url(https:\/\/i.ytimg.com\/vi\/-BrYKURRJo4\/hqdefault.jpg)\"><div class=\"epyt-gallery-playhover\"><img loading=\"lazy\" decoding=\"async\" alt=\"play\" class=\"epyt-play-img\" width=\"30\" height=\"23\" src=\"https:\/\/byce61.fr\/wp-content\/plugins\/youtube-embed-plus\/images\/playhover.png\" data-no-lazy=\"1\" data-skipgform_ajax_framebjll=\"\" \/><div class=\"epyt-gallery-playcrutch\"><\/div><\/div><\/div><\/div><div class=\"epyt-gallery-title\">[Selec News] Resident Evil Showcase : Gold Edition, Re:Verse, Portages, Resident Evil 4.<\/div><\/div><div class=\"epyt-gallery-rowbreak\"><\/div><div tabindex=\"0\" role=\"button\" data-videoid=\"EIjVgkhdKds\" class=\"epyt-gallery-thumb\"><div class=\"epyt-gallery-img-box\"><div class=\"epyt-gallery-img\" style=\"background-image: url(https:\/\/i.ytimg.com\/vi\/EIjVgkhdKds\/hqdefault.jpg)\"><div class=\"epyt-gallery-playhover\"><img loading=\"lazy\" decoding=\"async\" alt=\"play\" class=\"epyt-play-img\" width=\"30\" height=\"23\" src=\"https:\/\/byce61.fr\/wp-content\/plugins\/youtube-embed-plus\/images\/playhover.png\" data-no-lazy=\"1\" data-skipgform_ajax_framebjll=\"\" \/><div class=\"epyt-gallery-playcrutch\"><\/div><\/div><\/div><\/div><div class=\"epyt-gallery-title\">[Selec News] Like a Dragon Gaiden - Images et informations suppl\u00e9mentaires.<\/div><\/div><div tabindex=\"0\" role=\"button\" data-videoid=\"AUFaXGGOMjU\" class=\"epyt-gallery-thumb\"><div class=\"epyt-gallery-img-box\"><div class=\"epyt-gallery-img\" style=\"background-image: url(https:\/\/i.ytimg.com\/vi\/AUFaXGGOMjU\/hqdefault.jpg)\"><div class=\"epyt-gallery-playhover\"><img loading=\"lazy\" decoding=\"async\" alt=\"play\" class=\"epyt-play-img\" width=\"30\" height=\"23\" src=\"https:\/\/byce61.fr\/wp-content\/plugins\/youtube-embed-plus\/images\/playhover.png\" data-no-lazy=\"1\" data-skipgform_ajax_framebjll=\"\" \/><div class=\"epyt-gallery-playcrutch\"><\/div><\/div><\/div><\/div><div class=\"epyt-gallery-title\">[Selec News] Ma s\u00e9lection du Summer Game Fest, Xbox Games Showcase et autres \u00e9v\u00e8nements.<\/div><\/div><div tabindex=\"0\" role=\"button\" data-videoid=\"DvRmd7Uz9o0\" class=\"epyt-gallery-thumb\"><div class=\"epyt-gallery-img-box\"><div class=\"epyt-gallery-img\" style=\"background-image: url(https:\/\/i.ytimg.com\/vi\/DvRmd7Uz9o0\/hqdefault.jpg)\"><div class=\"epyt-gallery-playhover\"><img loading=\"lazy\" decoding=\"async\" alt=\"play\" class=\"epyt-play-img\" width=\"30\" height=\"23\" src=\"https:\/\/byce61.fr\/wp-content\/plugins\/youtube-embed-plus\/images\/playhover.png\" data-no-lazy=\"1\" data-skipgform_ajax_framebjll=\"\" \/><div class=\"epyt-gallery-playcrutch\"><\/div><\/div><\/div><\/div><div class=\"epyt-gallery-title\">[Selec News] Ryu Ga Gotoku Summit Summer 2023.<\/div><\/div><div tabindex=\"0\" role=\"button\" data-videoid=\"VHFY1TEAt2A\" class=\"epyt-gallery-thumb\"><div class=\"epyt-gallery-img-box\"><div class=\"epyt-gallery-img\" style=\"background-image: url(https:\/\/i.ytimg.com\/vi\/VHFY1TEAt2A\/hqdefault.jpg)\"><div class=\"epyt-gallery-playhover\"><img loading=\"lazy\" decoding=\"async\" alt=\"play\" class=\"epyt-play-img\" width=\"30\" height=\"23\" src=\"https:\/\/byce61.fr\/wp-content\/plugins\/youtube-embed-plus\/images\/playhover.png\" data-no-lazy=\"1\" data-skipgform_ajax_framebjll=\"\" \/><div class=\"epyt-gallery-playcrutch\"><\/div><\/div><\/div><\/div><div class=\"epyt-gallery-title\">[Selec News] Nouvelles vid\u00e9os de Like a Dragon Gaiden et 8.<\/div><\/div><div class=\"epyt-gallery-rowbreak\"><\/div><div tabindex=\"0\" role=\"button\" data-videoid=\"-CIOalLOjKI\" class=\"epyt-gallery-thumb\"><div class=\"epyt-gallery-img-box\"><div class=\"epyt-gallery-img\" style=\"background-image: url(https:\/\/i.ytimg.com\/vi\/-CIOalLOjKI\/hqdefault.jpg)\"><div class=\"epyt-gallery-playhover\"><img loading=\"lazy\" decoding=\"async\" alt=\"play\" class=\"epyt-play-img\" width=\"30\" height=\"23\" src=\"https:\/\/byce61.fr\/wp-content\/plugins\/youtube-embed-plus\/images\/playhover.png\" data-no-lazy=\"1\" data-skipgform_ajax_framebjll=\"\" \/><div class=\"epyt-gallery-playcrutch\"><\/div><\/div><\/div><\/div><div class=\"epyt-gallery-title\">[Selec News] State of Play - Resident Evil 4, Separate Ways, FF7 Rebirth et plus.<\/div><\/div><div tabindex=\"0\" role=\"button\" data-videoid=\"lPA7h_70UPI\" class=\"epyt-gallery-thumb\"><div class=\"epyt-gallery-img-box\"><div class=\"epyt-gallery-img\" style=\"background-image: url(https:\/\/i.ytimg.com\/vi\/lPA7h_70UPI\/hqdefault.jpg)\"><div class=\"epyt-gallery-playhover\"><img loading=\"lazy\" decoding=\"async\" alt=\"play\" class=\"epyt-play-img\" width=\"30\" height=\"23\" src=\"https:\/\/byce61.fr\/wp-content\/plugins\/youtube-embed-plus\/images\/playhover.png\" data-no-lazy=\"1\" data-skipgform_ajax_framebjll=\"\" \/><div class=\"epyt-gallery-playcrutch\"><\/div><\/div><\/div><\/div><div class=\"epyt-gallery-title\">[Selec News] Ryu Ga Gotoku Summit Fall 2023.<\/div><\/div><div class=\"epyt-gallery-clear\"><\/div><\/div><div class=\"epyt-pagination \"><div tabindex=\"0\" role=\"button\" class=\"epyt-pagebutton epyt-prev  hide \" data-playlistid=\"PLqIbGHNnXL8NMHy2DF32A3cO7BljGC79m\" data-pagesize=\"25\" data-pagetoken=\"\" data-epcolumns=\"4\" data-showtitle=\"1\" data-showpaging=\"1\" data-autonext=\"0\" data-thumbplay=\"1\"><div class=\"epyt-arrow\">&laquo;<\/div> <div>Pr\u00e9c\u00e9dent<\/div><\/div><div class=\"epyt-pagenumbers hide\"><div class=\"epyt-current\">1<\/div><div class=\"epyt-pageseparator\"> \/ <\/div><div class=\"epyt-totalpages\">1<\/div><\/div><div tabindex=\"0\" role=\"button\" class=\"epyt-pagebutton epyt-next hide \" data-playlistid=\"PLqIbGHNnXL8NMHy2DF32A3cO7BljGC79m\" data-pagesize=\"25\" data-pagetoken=\"\" data-epcolumns=\"4\" data-showtitle=\"1\" data-showpaging=\"1\" data-autonext=\"0\" data-thumbplay=\"1\"><div>Suivant<\/div> <div class=\"epyt-arrow\">&raquo;<\/div><\/div><div class=\"epyt-loader\"><img loading=\"lazy\" decoding=\"async\" alt=\"loading\" width=\"16\" height=\"11\" src=\"https:\/\/byce61.fr\/wp-content\/plugins\/youtube-embed-plus\/images\/gallery-page-loader.gif\"><\/div><\/div><\/div><\/div>\n","protected":false},"excerpt":{"rendered":"","protected":false},"author":1,"featured_media":0,"parent":11,"menu_order":0,"comment_status":"closed","ping_status":"closed","template":"","meta":{"footnotes":""},"class_list":["post-580","page","type-page","status-publish","hentry"],"_links":{"self":[{"href":"https:\/\/byce61.fr\/index.php?rest_route=\/wp\/v2\/pages\/580","targetHints":{"allow":["GET"]}}],"collection":[{"href":"https:\/\/byce61.fr\/index.php?rest_route=\/wp\/v2\/pages"}],"about":[{"href":"https:\/\/byce61.fr\/index.php?rest_route=\/wp\/v2\/types\/page"}],"author":[{"embeddable":true,"href":"https:\/\/byce61.fr\/index.php?rest_route=\/wp\/v2\/users\/1"}],"replies":[{"embeddable":true,"href":"https:\/\/byce61.fr\/index.php?rest_route=%2Fwp%2Fv2%2Fcomments&post=580"}],"version-history":[{"count":3,"href":"https:\/\/byce61.fr\/index.php?rest_route=\/wp\/v2\/pages\/580\/revisions"}],"predecessor-version":[{"id":1413,"href":"https:\/\/byce61.fr\/index.php?rest_route=\/wp\/v2\/pages\/580\/revisions\/1413"}],"up":[{"embeddable":true,"href":"https:\/\/byce61.fr\/index.php?rest_route=\/wp\/v2\/pages\/11"}],"wp:attachment":[{"href":"https:\/\/byce61.fr\/index.php?rest_route=%2Fwp%2Fv2%2Fmedia&parent=580"}],"curies":[{"name":"wp","href":"https:\/\/api.w.org\/{rel}","templated":true}]}}