{"id":59,"date":"2023-10-28T00:24:59","date_gmt":"2023-10-27T22:24:59","guid":{"rendered":"https:\/\/byce61.fr\/?page_id=59"},"modified":"2024-07-09T17:21:29","modified_gmt":"2024-07-09T15:21:29","slug":"episodes-revelations","status":"publish","type":"page","link":"https:\/\/byce61.fr\/?page_id=59","title":{"rendered":"\u00c9pisodes R\u00e9v\u00e9lations"},"content":{"rendered":"\n<h2 class=\"wp-block-heading\">Pr\u00e9ambule<\/h2>\n\n\n\n<h2 class=\"wp-block-heading\">Page en cours de construction<\/h2>\n\n\n\n<h2 class=\"wp-block-heading\"><a href=\"https:\/\/byce61.fr\/?page_id=90\">Resident Evil R\u00e9v\u00e9lation (2012)<\/a><\/h2>\n\n\n\n<h2 class=\"wp-block-heading\"><a href=\"https:\/\/byce61.fr\/?page_id=92\">Resident Evil R\u00e9v\u00e9lation 2 (2015)<\/a><\/h2>\n","protected":false},"excerpt":{"rendered":"<p>Pr\u00e9ambule Page en cours de construction Resident Evil R\u00e9v\u00e9lation (2012) Resident Evil R\u00e9v\u00e9lation 2 (2015)<\/p>\n","protected":false},"author":1,"featured_media":0,"parent":23,"menu_order":2,"comment_status":"closed","ping_status":"closed","template":"","meta":{"footnotes":""},"class_list":["post-59","page","type-page","status-publish","hentry"],"_links":{"self":[{"href":"https:\/\/byce61.fr\/index.php?rest_route=\/wp\/v2\/pages\/59","targetHints":{"allow":["GET"]}}],"collection":[{"href":"https:\/\/byce61.fr\/index.php?rest_route=\/wp\/v2\/pages"}],"about":[{"href":"https:\/\/byce61.fr\/index.php?rest_route=\/wp\/v2\/types\/page"}],"author":[{"embeddable":true,"href":"https:\/\/byce61.fr\/index.php?rest_route=\/wp\/v2\/users\/1"}],"replies":[{"embeddable":true,"href":"https:\/\/byce61.fr\/index.php?rest_route=%2Fwp%2Fv2%2Fcomments&post=59"}],"version-history":[{"count":7,"href":"https:\/\/byce61.fr\/index.php?rest_route=\/wp\/v2\/pages\/59\/revisions"}],"predecessor-version":[{"id":1090,"href":"https:\/\/byce61.fr\/index.php?rest_route=\/wp\/v2\/pages\/59\/revisions\/1090"}],"up":[{"embeddable":true,"href":"https:\/\/byce61.fr\/index.php?rest_route=\/wp\/v2\/pages\/23"}],"wp:attachment":[{"href":"https:\/\/byce61.fr\/index.php?rest_route=%2Fwp%2Fv2%2Fmedia&parent=59"}],"curies":[{"name":"wp","href":"https:\/\/api.w.org\/{rel}","templated":true}]}}