{"id":700,"date":"2024-02-09T14:55:07","date_gmt":"2024-02-09T13:55:07","guid":{"rendered":"https:\/\/byce61.fr\/?page_id=700"},"modified":"2024-02-11T19:37:27","modified_gmt":"2024-02-11T18:37:27","slug":"planning","status":"publish","type":"page","link":"https:\/\/byce61.fr\/?page_id=700","title":{"rendered":"Planning"},"content":{"rendered":"\n<h2 class=\"wp-block-heading has-text-align-center\" style=\"text-transform:uppercase\">Publications de la semaine<\/h2>\n\n\n\n<h2 class=\"wp-block-heading has-text-align-center\" style=\"font-size:26px\">Retrouvez votre contenu du lundi au samedi*<\/h2>\n\n\n<div class=\"wp-block-image is-style-default\">\n<figure data-wp-context=\"{&quot;imageId&quot;:&quot;69ea3d72190a1&quot;}\" data-wp-interactive=\"core\/image\" data-wp-key=\"69ea3d72190a1\" class=\"aligncenter size-large is-resized wp-lightbox-container\"><img loading=\"lazy\" decoding=\"async\" width=\"1024\" height=\"721\" data-wp-class--hide=\"state.isContentHidden\" data-wp-class--show=\"state.isContentVisible\" data-wp-init=\"callbacks.setButtonStyles\" data-wp-on--click=\"actions.showLightbox\" data-wp-on--load=\"callbacks.setButtonStyles\" data-wp-on-window--resize=\"callbacks.setButtonStyles\" src=\"https:\/\/byce61.fr\/wp-content\/uploads\/2024\/02\/planning-site-3-1024x721.jpg\" alt=\"\" class=\"wp-image-723\" style=\"width:800px;height:auto\" srcset=\"https:\/\/byce61.fr\/wp-content\/uploads\/2024\/02\/planning-site-3-1024x721.jpg 1024w, https:\/\/byce61.fr\/wp-content\/uploads\/2024\/02\/planning-site-3-300x211.jpg 300w, https:\/\/byce61.fr\/wp-content\/uploads\/2024\/02\/planning-site-3-768x541.jpg 768w, https:\/\/byce61.fr\/wp-content\/uploads\/2024\/02\/planning-site-3-1536x1081.jpg 1536w, https:\/\/byce61.fr\/wp-content\/uploads\/2024\/02\/planning-site-3-2048x1442.jpg 2048w\" sizes=\"auto, (max-width: 1024px) 100vw, 1024px\" \/><button\n\t\t\tclass=\"lightbox-trigger\"\n\t\t\ttype=\"button\"\n\t\t\taria-haspopup=\"dialog\"\n\t\t\taria-label=\"Agrandir\"\n\t\t\tdata-wp-init=\"callbacks.initTriggerButton\"\n\t\t\tdata-wp-on--click=\"actions.showLightbox\"\n\t\t\tdata-wp-style--right=\"state.imageButtonRight\"\n\t\t\tdata-wp-style--top=\"state.imageButtonTop\"\n\t\t>\n\t\t\t<svg xmlns=\"http:\/\/www.w3.org\/2000\/svg\" width=\"12\" height=\"12\" fill=\"none\" viewBox=\"0 0 12 12\">\n\t\t\t\t<path fill=\"#fff\" d=\"M2 0a2 2 0 0 0-2 2v2h1.5V2a.5.5 0 0 1 .5-.5h2V0H2Zm2 10.5H2a.5.5 0 0 1-.5-.5V8H0v2a2 2 0 0 0 2 2h2v-1.5ZM8 12v-1.5h2a.5.5 0 0 0 .5-.5V8H12v2a2 2 0 0 1-2 2H8Zm2-12a2 2 0 0 1 2 2v2h-1.5V2a.5.5 0 0 0-.5-.5H8V0h2Z\" \/>\n\t\t\t<\/svg>\n\t\t<\/button><\/figure>\n<\/div>\n\n\n<h2 class=\"wp-block-heading has-text-align-center has-regular-font-size\" style=\"font-style:normal;font-weight:500\"><em>*Des vid\u00e9os sp\u00e9cifiques peuvent sortir le dimanche comme les actualit\u00e9s (Byce Actu, S\u00e9lec News, etc)<\/em><\/h2>\n\n\n\n<h2 class=\"wp-block-heading has-text-align-center\" style=\"text-transform:uppercase\">Projets \u00e0 venir<\/h2>\n\n\n\n<h2 class=\"wp-block-heading\" style=\"font-size:26px\">&#8211; S\u00e9rie de vid\u00e9os CGI Resident Evil<\/h2>\n\n\n\n<details class=\"wp-block-details is-layout-flow wp-block-details-is-layout-flow\"><summary>Cliquez ici pour plus de d\u00e9tails sur ce projet<\/summary>\n<p>Cette s\u00e9rie de vid\u00e9os reviendra sur les diff\u00e9rents films et s\u00e9ries CGI de l&rsquo;univers Resident Evil, soupoudr\u00e9 d&rsquo;un peu d&rsquo;analyse, de contexte, et surtout, de donner mon avis d\u00e9taill\u00e9 sur chacune de ces \u0153uvres. Au format \u00ab\u00a0Random\u00a0\u00bb, chaque titre aura sa propre vid\u00e9o. La production est en cours.<\/p>\n<\/details>\n\n\n\n<h2 class=\"wp-block-heading\" style=\"font-size:26px;text-transform:none\">&#8211; Ev\u00e9nement des 12 ans de la chaine<\/h2>\n\n\n\n<details class=\"wp-block-details is-layout-flow wp-block-details-is-layout-flow\"><summary>Cliquez ici pour plus de d\u00e9tails sur ce projet<\/summary>\n<p>L&rsquo;anniversaire des 10 ans a un peu \u00e9t\u00e9 loup\u00e9 ! Pour me rattraper, on va f\u00eater les 12 ans un peu mieux, au programme, \u00e0 la mani\u00e8re des 5 ans, je reviendrais sur ces derni\u00e8res ann\u00e9es. Avec \u00e7a, j&rsquo;aimerais inaugurer officiellement le site sur lequel vous \u00eates actuellement, et donc en faire une vid\u00e9o de pr\u00e9sentation. Et pour finir, une vid\u00e9o setup, promise depuis bien longtemps !<\/p>\n<\/details>\n\n\n\n<h2 class=\"wp-block-heading\" style=\"font-size:26px;text-transform:none\">&#8211; Nostal Review<\/h2>\n\n\n\n<details class=\"wp-block-details is-layout-flow wp-block-details-is-layout-flow\"><summary>Cliquez ici pour plus de d\u00e9tails sur ce projet<\/summary>\n<p>C&rsquo;est l&rsquo;un des deux gros formats qui sera la vitrine de la cha\u00eene, Nostal Review, c&rsquo;est faire un retour des vid\u00e9os du pass\u00e9, avec un aspect making of, des compl\u00e9ments d&rsquo;informations et plus encore. L&rsquo;occasion de red\u00e9couvrir son travail avec nostalgie et d&rsquo;y ajouter une r\u00e9elle plus-value !<\/p>\n<\/details>\n\n\n\n<h2 class=\"wp-block-heading\" style=\"font-size:26px;text-transform:none\">&#8211; One Shot<\/h2>\n\n\n\n<details class=\"wp-block-details is-layout-flow wp-block-details-is-layout-flow\"><summary>Cliquez ici pour plus de d\u00e9tails sur ce projet<\/summary>\n<p>C&rsquo;est le deuxi\u00e8me gros format en vitrine de la cha\u00eene, le concept One Shot est de faire une vid\u00e9o d\u00e9di\u00e9e \u00e0 un jeu ou une licence. Avec ce c\u00f4t\u00e9 t\u00e9moignage de joueur que j&rsquo;apportais \u00e0 mes walkthroughs mais en condens\u00e9, comment j&rsquo;ai d\u00e9couvert le jeu, ce que j&rsquo;aime, ce qui m&rsquo;a marqu\u00e9, avec l&rsquo;envie de vous donner envie !<\/p>\n<\/details>\n\n\n\n<h2 class=\"wp-block-heading\" style=\"font-size:26px;text-transform:none\">&#8211; Projet P<\/h2>\n\n\n\n<details class=\"wp-block-details is-layout-flow wp-block-details-is-layout-flow\"><summary>Cliquez ici pour plus de d\u00e9tails sur ce projet<\/summary>\n<p>Teas\u00e9 sans \u00eatre annonc\u00e9, c&rsquo;est un projet que j&rsquo;aimerai mettre en \u0153uvre en 2024, il n&rsquo;y aura pas de planning particulier pour cette s\u00e9rie. Mais l&rsquo;objectif derri\u00e8re celui-ci est de faire intervenir d&rsquo;autres personnes.<\/p>\n<\/details>\n","protected":false},"excerpt":{"rendered":"<p>Publications de la semaine Retrouvez votre contenu du lundi au samedi* *Des vid\u00e9os sp\u00e9cifiques peuvent [&hellip;]<\/p>\n","protected":false},"author":1,"featured_media":0,"parent":0,"menu_order":1,"comment_status":"closed","ping_status":"closed","template":"","meta":{"footnotes":""},"class_list":["post-700","page","type-page","status-publish","hentry"],"_links":{"self":[{"href":"https:\/\/byce61.fr\/index.php?rest_route=\/wp\/v2\/pages\/700","targetHints":{"allow":["GET"]}}],"collection":[{"href":"https:\/\/byce61.fr\/index.php?rest_route=\/wp\/v2\/pages"}],"about":[{"href":"https:\/\/byce61.fr\/index.php?rest_route=\/wp\/v2\/types\/page"}],"author":[{"embeddable":true,"href":"https:\/\/byce61.fr\/index.php?rest_route=\/wp\/v2\/users\/1"}],"replies":[{"embeddable":true,"href":"https:\/\/byce61.fr\/index.php?rest_route=%2Fwp%2Fv2%2Fcomments&post=700"}],"version-history":[{"count":25,"href":"https:\/\/byce61.fr\/index.php?rest_route=\/wp\/v2\/pages\/700\/revisions"}],"predecessor-version":[{"id":733,"href":"https:\/\/byce61.fr\/index.php?rest_route=\/wp\/v2\/pages\/700\/revisions\/733"}],"wp:attachment":[{"href":"https:\/\/byce61.fr\/index.php?rest_route=%2Fwp%2Fv2%2Fmedia&parent=700"}],"curies":[{"name":"wp","href":"https:\/\/api.w.org\/{rel}","templated":true}]}}